{"id":2018,"date":"2019-08-06T13:44:06","date_gmt":"2019-08-06T13:44:06","guid":{"rendered":"http:\/\/colegioarabe.com\/home\/?page_id=2018"},"modified":"2022-11-03T21:14:27","modified_gmt":"2022-11-04T01:14:27","slug":"mision","status":"publish","type":"page","link":"https:\/\/colegioarabe.com\/home\/colegio\/mision\/","title":{"rendered":"Misi\u00f3n"},"content":{"rendered":"<p><i><span style=\"font-weight: 400;\">\u201cSer reconocidos como uno de los mejores colegios de la comuna, entregando una educaci\u00f3n de excelencia, potenciando en nuestros alumnos y alumnas una formaci\u00f3n acad\u00e9mica y val\u00f3rica formadora de personas comprometidas con la Cultura \u00c1rabe, los valores universales y con un pensamiento cr\u00edtico en un ambiente de tolerancia y respeto acorde con los requerimientos, habilidades y competencias necesarias para el mundo actual.\u00bb<\/span><\/i><\/p>\n<p><span style=\"font-weight: 400;\">El Colegio \u00c1rabe de Vi\u00f1a del Mar, se propone ser un centro educativo\u00a0 intercultural de excelencia, con ense\u00f1anza del idioma \u00e1rabe e ingl\u00e9s, abierto a la comunidad , educando a ni\u00f1os y ni\u00f1as , en la b\u00fasqueda del saber , con s\u00f3lido basamento moral por el bien cultural, social y econ\u00f3mico del pa\u00eds y la V regi\u00f3n.\u00a0\u00a0<\/span><\/p>\n<p><span style=\"font-weight: 400;\">Nuestro\u00a0 concepto de\u00a0 futuro considera\u00a0 los desaf\u00edos de la\u00a0 sociedad del conocimiento, exigente y de permanente construcci\u00f3n intelectual- afectiva, con personas\u00a0 en constante movilidad, por ello en una concepci\u00f3n intercultural, de integraci\u00f3n filos\u00f3fica, entiende que\u00a0 arte y ciencia son formas de conocimiento humano, que intentan el develamiento de la realidad, con todos los medios que el proyecto incorpora.\u00a0\u00a0<\/span><\/p>\n<p><span style=\"font-weight: 400;\">En tal perspectiva se inscribe el perfil de cada uno de los actores importantes de la comunidad educativa y de quienes acompa\u00f1ar\u00e1n en el proceso de los cambios sucesivos que implica la asunci\u00f3n del compromiso declarado en\u00a0 este proyecto. <\/span><\/p>\n","protected":false},"excerpt":{"rendered":"<p>\u201cSer reconocidos como uno de los mejores colegios de la comuna, entregando una educaci\u00f3n de excelencia, potenciando en nuestros alumnos y alumnas una formaci\u00f3n acad\u00e9mica y val\u00f3rica formadora de personas comprometidas con la Cultura \u00c1rabe, los valores universales y con un pensamiento cr\u00edtico en un ambiente de tolerancia y respeto acorde con los requerimientos, habilidades y competencias necesarias para el mundo actual.\u00bb El Colegio \u00c1rabe de Vi\u00f1a del Mar, se propone ser un centro educativo\u00a0 intercultural de excelencia, con ense\u00f1anza del idioma \u00e1rabe e ingl\u00e9s, abierto a la comunidad , educando a ni\u00f1os y ni\u00f1as , en la b\u00fasqueda del saber , con s\u00f3lido basamento moral por el bien cultural, social y econ\u00f3mico del pa\u00eds y la V regi\u00f3n.\u00a0\u00a0 Nuestro\u00a0 concepto de\u00a0 futuro considera\u00a0 los desaf\u00edos de la\u00a0 sociedad del conocimiento, exigente y de permanente construcci\u00f3n intelectual- afectiva, con personas\u00a0 en constante movilidad, por ello en una concepci\u00f3n intercultural, de integraci\u00f3n filos\u00f3fica, entiende que\u00a0 arte y ciencia son formas de conocimiento humano, que intentan el develamiento de la realidad, con todos los medios que el proyecto incorpora.\u00a0\u00a0 En tal perspectiva se inscribe el perfil de cada uno de los actores importantes de la comunidad educativa y de quienes acompa\u00f1ar\u00e1n en&#8230;<\/p>\n<p> <a class=\"continue-reading-link\" href=\"https:\/\/colegioarabe.com\/home\/colegio\/mision\/\"><span>Continuar<\/span><i class=\"crycon-right-dir\"><\/i><\/a> <\/p>\n","protected":false},"author":547,"featured_media":0,"parent":2025,"menu_order":0,"comment_status":"closed","ping_status":"closed","template":"templates\/template-onecolumn.php","meta":{"footnotes":""},"_links":{"self":[{"href":"https:\/\/colegioarabe.com\/home\/wp-json\/wp\/v2\/pages\/2018"}],"collection":[{"href":"https:\/\/colegioarabe.com\/home\/wp-json\/wp\/v2\/pages"}],"about":[{"href":"https:\/\/colegioarabe.com\/home\/wp-json\/wp\/v2\/types\/page"}],"author":[{"embeddable":true,"href":"https:\/\/colegioarabe.com\/home\/wp-json\/wp\/v2\/users\/547"}],"replies":[{"embeddable":true,"href":"https:\/\/colegioarabe.com\/home\/wp-json\/wp\/v2\/comments?post=2018"}],"version-history":[{"count":3,"href":"https:\/\/colegioarabe.com\/home\/wp-json\/wp\/v2\/pages\/2018\/revisions"}],"predecessor-version":[{"id":2767,"href":"https:\/\/colegioarabe.com\/home\/wp-json\/wp\/v2\/pages\/2018\/revisions\/2767"}],"up":[{"embeddable":true,"href":"https:\/\/colegioarabe.com\/home\/wp-json\/wp\/v2\/pages\/2025"}],"wp:attachment":[{"href":"https:\/\/colegioarabe.com\/home\/wp-json\/wp\/v2\/media?parent=2018"}],"curies":[{"name":"wp","href":"https:\/\/api.w.org\/{rel}","templated":true}]}}