{"id":2025,"date":"2019-08-06T14:14:36","date_gmt":"2019-08-06T14:14:36","guid":{"rendered":"http:\/\/colegioarabe.com\/home\/?page_id=2025"},"modified":"2024-07-14T15:43:04","modified_gmt":"2024-07-14T19:43:04","slug":"colegio","status":"publish","type":"page","link":"https:\/\/colegioarabe.com\/home\/colegio\/","title":{"rendered":"Colegio"},"content":{"rendered":"<p>Somos un establecimiento educacional mixto, de modalidad cient\u00edfico-humanista, desde Pre-Kinder hasta Cuarto Medio que responde a una visi\u00f3n bicultural y laica, buscando ser un puente de entendimiento entre las culturas chilena y \u00e1rabe.<br \/>\nTenemos una visi\u00f3n integradora y no excluyente respecto a la diversidad de individuos que componen\u00a0nuestra patria.<br \/>\nEstamos abiertos a la comunidad y no hacemos distinci\u00f3n por razones de tipo \u00e9tnico, religioso, pol\u00edtico, social ni de nacionalidad.Nuestro Colegio est\u00e1 estructurado para canalizar y articular sus operaciones acad\u00e9micas en varias estructuras que se complementan para una mejor labor docente y que est\u00e1n configuradas en dos \u00e1reas muy espec\u00edficas, a saber: Acad\u00e9mica y Administrativa. Como complemento al mejor desarrollo de cada \u00e1rea se encuentran los especialistas en apoyo pedag\u00f3gico, los paradocentes y auxiliares. La Direcci\u00f3n<\/p>\n","protected":false},"excerpt":{"rendered":"<p>Somos un establecimiento educacional mixto, de modalidad cient\u00edfico-humanista, desde Pre-Kinder hasta Cuarto Medio que responde a una visi\u00f3n bicultural y laica, buscando ser un puente de entendimiento entre las culturas chilena y \u00e1rabe. Tenemos una visi\u00f3n integradora y no excluyente respecto a la diversidad de individuos que componen\u00a0nuestra patria. Estamos abiertos a la comunidad y no hacemos distinci\u00f3n por razones de tipo \u00e9tnico, religioso, pol\u00edtico, social ni de nacionalidad.Nuestro Colegio est\u00e1 estructurado para canalizar y articular sus operaciones acad\u00e9micas en varias estructuras que se complementan para una mejor labor docente y que est\u00e1n configuradas en dos \u00e1reas muy espec\u00edficas, a saber: Acad\u00e9mica y Administrativa. Como complemento al mejor desarrollo de cada \u00e1rea se encuentran los especialistas en apoyo pedag\u00f3gico, los paradocentes y auxiliares. La Direcci\u00f3n<\/p>\n<p> <a class=\"continue-reading-link\" href=\"https:\/\/colegioarabe.com\/home\/colegio\/\"><span>Continuar<\/span><i class=\"crycon-right-dir\"><\/i><\/a> <\/p>\n","protected":false},"author":547,"featured_media":0,"parent":0,"menu_order":0,"comment_status":"closed","ping_status":"closed","template":"","meta":{"footnotes":""},"_links":{"self":[{"href":"https:\/\/colegioarabe.com\/home\/wp-json\/wp\/v2\/pages\/2025"}],"collection":[{"href":"https:\/\/colegioarabe.com\/home\/wp-json\/wp\/v2\/pages"}],"about":[{"href":"https:\/\/colegioarabe.com\/home\/wp-json\/wp\/v2\/types\/page"}],"author":[{"embeddable":true,"href":"https:\/\/colegioarabe.com\/home\/wp-json\/wp\/v2\/users\/547"}],"replies":[{"embeddable":true,"href":"https:\/\/colegioarabe.com\/home\/wp-json\/wp\/v2\/comments?post=2025"}],"version-history":[{"count":4,"href":"https:\/\/colegioarabe.com\/home\/wp-json\/wp\/v2\/pages\/2025\/revisions"}],"predecessor-version":[{"id":3633,"href":"https:\/\/colegioarabe.com\/home\/wp-json\/wp\/v2\/pages\/2025\/revisions\/3633"}],"wp:attachment":[{"href":"https:\/\/colegioarabe.com\/home\/wp-json\/wp\/v2\/media?parent=2025"}],"curies":[{"name":"wp","href":"https:\/\/api.w.org\/{rel}","templated":true}]}}