{"id":2042,"date":"2019-08-06T14:50:50","date_gmt":"2019-08-06T14:50:50","guid":{"rendered":"http:\/\/colegioarabe.com\/home\/?page_id=2042"},"modified":"2023-04-28T10:08:30","modified_gmt":"2023-04-28T14:08:30","slug":"departamento-de-apoyo-escolar","status":"publish","type":"page","link":"https:\/\/colegioarabe.com\/home\/departamento-de-apoyo-escolar\/","title":{"rendered":"Departamento de Apoyo Psicoeducativo y Convivencia Escolar (DAPCE)"},"content":{"rendered":"\r\n<p style=\"text-align: justify;\">El Departamento de Apoyo Psicoeducativo y Convivencia Escolar tiene como principal misi\u00f3n, el facilitar los procesos acad\u00e9micos y val\u00f3ricos colaborando en diversas instancias y con los distintos actores participantes en la comunidad educativa.<\/p>\r\n<p style=\"text-align: justify;\">Este estamento se encuentra conformado por Silvia Lues Repetto (Psicopedagog\u00eda) y Jos\u00e9 Antonio Galiani Llach (Psicolog\u00eda).<\/p>\r\n\r\n\r\n\r\n<p style=\"text-align: justify;\">Dentro de sus funciones espec\u00edficas, se encuentra apoyar a los miembros de nuestra comunidad a trav\u00e9s de distintos tipos de intervenci\u00f3n como por ejemplo:<\/p>\r\n\r\n\r\n\r\n\r\n\r\n<ul>\r\n<li>Talleres en aula.<\/li>\r\n<li>Apoyo individual de alumnos.<\/li>\r\n<li>Gesti\u00f3n de Convivencia Escolar.<\/li>\r\n<li>Escuelas de padres.<\/li>\r\n<li>Necesidades Educativas Especiales.<\/li>\r\n<li>Orientaci\u00f3n vocacional.<\/li>\r\n<li>Apoyo pedag\u00f3gico a docentes.<\/li>\r\n<\/ul>\r\n\r\n\r\n\r\n\r\n\r\n<p>\u201c<em>Nuestra tarea est\u00e1 relacionada con el desarrollo integral del alumno. Nuestra meta es lograr que \u00e9ste adquiera una mejor comprensi\u00f3n de su car\u00e1cter (personalidad) al hacerle consciente de sus valores morales y desarrollar su dimensi\u00f3n enfocada al desempe\u00f1o profesional\u201d.<\/em><\/p>\r\n","protected":false},"excerpt":{"rendered":"<p>El Departamento de Apoyo Psicoeducativo y Convivencia Escolar tiene como principal misi\u00f3n, el facilitar los procesos acad\u00e9micos y val\u00f3ricos colaborando en diversas instancias y con los distintos actores participantes en la comunidad educativa. Este estamento se encuentra conformado por Silvia Lues Repetto (Psicopedagog\u00eda) y Jos\u00e9 Antonio Galiani Llach (Psicolog\u00eda). Dentro de sus funciones espec\u00edficas, se encuentra apoyar a los miembros de nuestra comunidad a trav\u00e9s de distintos tipos de intervenci\u00f3n como por ejemplo: Talleres en aula. Apoyo individual de alumnos. Gesti\u00f3n de Convivencia Escolar. Escuelas de padres. Necesidades Educativas Especiales. Orientaci\u00f3n vocacional. Apoyo pedag\u00f3gico a docentes. \u201cNuestra tarea est\u00e1 relacionada con el desarrollo integral del alumno. Nuestra meta es lograr que \u00e9ste adquiera una mejor comprensi\u00f3n de su car\u00e1cter (personalidad) al hacerle consciente de sus valores morales y desarrollar su dimensi\u00f3n enfocada al desempe\u00f1o profesional\u201d.<\/p>\n<p> <a class=\"continue-reading-link\" href=\"https:\/\/colegioarabe.com\/home\/departamento-de-apoyo-escolar\/\"><span>Continuar<\/span><i class=\"crycon-right-dir\"><\/i><\/a> <\/p>\n","protected":false},"author":547,"featured_media":0,"parent":0,"menu_order":0,"comment_status":"closed","ping_status":"closed","template":"templates\/template-onecolumn.php","meta":{"footnotes":""},"_links":{"self":[{"href":"https:\/\/colegioarabe.com\/home\/wp-json\/wp\/v2\/pages\/2042"}],"collection":[{"href":"https:\/\/colegioarabe.com\/home\/wp-json\/wp\/v2\/pages"}],"about":[{"href":"https:\/\/colegioarabe.com\/home\/wp-json\/wp\/v2\/types\/page"}],"author":[{"embeddable":true,"href":"https:\/\/colegioarabe.com\/home\/wp-json\/wp\/v2\/users\/547"}],"replies":[{"embeddable":true,"href":"https:\/\/colegioarabe.com\/home\/wp-json\/wp\/v2\/comments?post=2042"}],"version-history":[{"count":11,"href":"https:\/\/colegioarabe.com\/home\/wp-json\/wp\/v2\/pages\/2042\/revisions"}],"predecessor-version":[{"id":3501,"href":"https:\/\/colegioarabe.com\/home\/wp-json\/wp\/v2\/pages\/2042\/revisions\/3501"}],"wp:attachment":[{"href":"https:\/\/colegioarabe.com\/home\/wp-json\/wp\/v2\/media?parent=2042"}],"curies":[{"name":"wp","href":"https:\/\/api.w.org\/{rel}","templated":true}]}}