{"id":3072,"date":"2021-06-07T12:24:34","date_gmt":"2021-06-07T16:24:34","guid":{"rendered":"https:\/\/colegioarabe.com\/home\/?page_id=3072"},"modified":"2023-07-31T14:28:30","modified_gmt":"2023-07-31T18:28:30","slug":"arancel-2023","status":"publish","type":"page","link":"https:\/\/colegioarabe.com\/home\/arancel-2023\/","title":{"rendered":"Arancel 2023"},"content":{"rendered":"<p><b>1.- CONCEPTOS DE ARANCEL<\/b><\/p>\n<p><b>a) Matr\u00edcula:<\/b><\/p>\n<p><span style=\"font-weight: 400;\">Corresponde al derecho de estudios por el a\u00f1o acad\u00e9mico en curso que aplica a todos los alumnos del colegio y su costo<\/span><b>\u00a0<\/b><span style=\"font-weight: 400;\">es de $ 220.000.<\/span><\/p>\n<p><b>b) Colegiatura:<\/b><\/p>\n<p><span style=\"font-weight: 400;\">Corresponde al <\/span><b>costo anual<\/b><span style=\"font-weight: 400;\"> asociado a escolaridad del alumno. Al momento de la matr\u00edcula, el apoderadodeber\u00e1 documentar el arancel anual y firmar pagar\u00e9 (Marzo a Diciembre), dependiendo del curso a matricular:<\/span><\/p>\n<table>\n<tbody>\n<tr>\n<td><b>Curso<\/b><\/td>\n<td><b>1\u00ba a 4\u00ba B\u00e1sico<\/b><\/td>\n<td><b>5\u00ba a 7\u00ba B\u00e1sico<\/b><\/td>\n<td><b>8\u00ba B\u00e1sico a 4\u00ba Medio<\/b><\/td>\n<\/tr>\n<tr>\n<td><span style=\"font-weight: 400;\">Valor<\/span><\/td>\n<td><span style=\"font-weight: 400;\">$ 2.200.000<\/span><\/td>\n<td><span style=\"font-weight: 400;\">$ 2.350.000<\/span><\/td>\n<td><span style=\"font-weight: 400;\">$ 2.450.000<\/span><\/td>\n<\/tr>\n<\/tbody>\n<\/table>\n<p><b>2.- BENEFICIOS INCORPORADOS AL ARANCEL.<\/b><\/p>\n<p><b>a) Seguro Estatal:<\/b><\/p>\n<p>Todos los alumnos de nuestro Colegio est\u00e1n protegidos por un seguro de accidentes que provee el Estado. Dicho seguro permite la atenci\u00f3n de cualquier alumno de nuestro establecimiento que sufre alg\u00fanaccidente dentro de nuestras instalaciones a fin de que se atienda en un hospital o centro m\u00e9dico del sistema p\u00fablico de salud con cargo al Estado y cobertura adicional para el trayecto del hogar al Colegio y viceversa.<\/p>\n<p><b>b) Acceso a Nuestra Plataforma Acad\u00e9mica a trav\u00e9s de Internet:<\/b><\/p>\n<p>Todos los alumnos y Apoderados de nuestro colegio podr\u00e1n acceder a nuestra plataforma acad\u00e9mica a trav\u00e9s de Internet. Para ello, a comienzos del a\u00f1o escolar se le har\u00e1 entrega a cada alumno de una cuenta de Google Workspace, con la direcci\u00f3n @colegioarabe.com, la cual permite la interacci\u00f3n acad\u00e9mica digital entre los miembros de la comunidad.<\/p>\n<p><b>d) Talleres Extraprogram\u00e1ticos:<\/b><\/p>\n<p>Ofrecemos un conjunto de talleres extraprogram\u00e1ticos que permitir\u00e1n complementar la formaci\u00f3n de sus hijos, en relaci\u00f3n a su formaci\u00f3n integral. En el men\u00fa principal del sitio puede visualizar los talleres que se ofrecen aca a\u00f1o.<\/p>\n","protected":false},"excerpt":{"rendered":"<p>1.- CONCEPTOS DE ARANCEL a) Matr\u00edcula: Corresponde al derecho de estudios por el a\u00f1o acad\u00e9mico en curso que aplica a todos los alumnos del colegio y su costo\u00a0es de $ 220.000. b) Colegiatura: Corresponde al costo anual asociado a escolaridad del alumno. Al momento de la matr\u00edcula, el apoderadodeber\u00e1 documentar el arancel anual y firmar pagar\u00e9 (Marzo a Diciembre), dependiendo del curso a matricular: Curso 1\u00ba a 4\u00ba B\u00e1sico 5\u00ba a 7\u00ba B\u00e1sico 8\u00ba B\u00e1sico a 4\u00ba Medio Valor $ 2.200.000 $ 2.350.000 $ 2.450.000 2.- BENEFICIOS INCORPORADOS AL ARANCEL. a) Seguro Estatal: Todos los alumnos de nuestro Colegio est\u00e1n protegidos por un seguro de accidentes que provee el Estado. Dicho seguro permite la atenci\u00f3n de cualquier alumno de nuestro establecimiento que sufre alg\u00fanaccidente dentro de nuestras instalaciones a fin de que se atienda en un hospital o centro m\u00e9dico del sistema p\u00fablico de salud con cargo al Estado y cobertura adicional para el trayecto del hogar al Colegio y viceversa. b) Acceso a Nuestra Plataforma Acad\u00e9mica a trav\u00e9s de Internet: Todos los alumnos y Apoderados de nuestro colegio podr\u00e1n acceder a nuestra plataforma acad\u00e9mica a trav\u00e9s de Internet. Para ello, a comienzos del a\u00f1o escolar se le har\u00e1 entrega&#8230;<\/p>\n<p> <a class=\"continue-reading-link\" href=\"https:\/\/colegioarabe.com\/home\/arancel-2023\/\"><span>Continuar<\/span><i class=\"crycon-right-dir\"><\/i><\/a> <\/p>\n","protected":false},"author":547,"featured_media":0,"parent":0,"menu_order":0,"comment_status":"closed","ping_status":"closed","template":"","meta":{"footnotes":""},"_links":{"self":[{"href":"https:\/\/colegioarabe.com\/home\/wp-json\/wp\/v2\/pages\/3072"}],"collection":[{"href":"https:\/\/colegioarabe.com\/home\/wp-json\/wp\/v2\/pages"}],"about":[{"href":"https:\/\/colegioarabe.com\/home\/wp-json\/wp\/v2\/types\/page"}],"author":[{"embeddable":true,"href":"https:\/\/colegioarabe.com\/home\/wp-json\/wp\/v2\/users\/547"}],"replies":[{"embeddable":true,"href":"https:\/\/colegioarabe.com\/home\/wp-json\/wp\/v2\/comments?post=3072"}],"version-history":[{"count":8,"href":"https:\/\/colegioarabe.com\/home\/wp-json\/wp\/v2\/pages\/3072\/revisions"}],"predecessor-version":[{"id":3549,"href":"https:\/\/colegioarabe.com\/home\/wp-json\/wp\/v2\/pages\/3072\/revisions\/3549"}],"wp:attachment":[{"href":"https:\/\/colegioarabe.com\/home\/wp-json\/wp\/v2\/media?parent=3072"}],"curies":[{"name":"wp","href":"https:\/\/api.w.org\/{rel}","templated":true}]}}