{"id":3360,"date":"2022-11-03T21:16:05","date_gmt":"2022-11-04T01:16:05","guid":{"rendered":"https:\/\/colegioarabe.com\/home\/?page_id=3360"},"modified":"2023-05-19T11:18:13","modified_gmt":"2023-05-19T15:18:13","slug":"reglamentos","status":"publish","type":"page","link":"https:\/\/colegioarabe.com\/home\/reglamentos\/","title":{"rendered":"Reglamentos"},"content":{"rendered":"<blockquote class=\"wp-embedded-content\" data-secret=\"o3UvRAl2Jg\"><p><a href=\"https:\/\/colegioarabe.com\/home\/proyecto-educacional\/reglamentos-proyecto-educativo-institucional\/\">Proyecto Educativo Institucional<\/a><\/p><\/blockquote>\n<p><iframe class=\"wp-embedded-content\" sandbox=\"allow-scripts\" security=\"restricted\" style=\"position: absolute; clip: rect(1px, 1px, 1px, 1px);\" title=\"&#8220;Proyecto Educativo Institucional&#8221; &#8212; Colegio \u00c1rabe\" src=\"https:\/\/colegioarabe.com\/home\/proyecto-educacional\/reglamentos-proyecto-educativo-institucional\/embed\/#?secret=ZyXFveMRwW#?secret=o3UvRAl2Jg\" data-secret=\"o3UvRAl2Jg\" width=\"600\" height=\"338\" frameborder=\"0\" marginwidth=\"0\" marginheight=\"0\" scrolling=\"no\"><\/iframe><\/p>\n<blockquote class=\"wp-embedded-content\" data-secret=\"sI0FalqX0Z\"><p><a href=\"https:\/\/colegioarabe.com\/home\/reglamentos\/plan-de-gestion-de-convivencia-escolar\/\">Plan de Gesti\u00f3n de Convivencia Escolar<\/a><\/p><\/blockquote>\n<p><iframe class=\"wp-embedded-content\" sandbox=\"allow-scripts\" security=\"restricted\" style=\"position: absolute; clip: rect(1px, 1px, 1px, 1px);\" title=\"&#8220;Plan de Gesti\u00f3n de Convivencia Escolar&#8221; &#8212; Colegio \u00c1rabe\" src=\"https:\/\/colegioarabe.com\/home\/reglamentos\/plan-de-gestion-de-convivencia-escolar\/embed\/#?secret=vKpmOX7lW4#?secret=sI0FalqX0Z\" data-secret=\"sI0FalqX0Z\" width=\"600\" height=\"338\" frameborder=\"0\" marginwidth=\"0\" marginheight=\"0\" scrolling=\"no\"><\/iframe><\/p>\n<blockquote class=\"wp-embedded-content\" data-secret=\"5mmmg5nEWu\"><p><a href=\"https:\/\/colegioarabe.com\/home\/reglamentos\/reglamento-interno\/\">Reglamento Interno<\/a><\/p><\/blockquote>\n<p><iframe class=\"wp-embedded-content\" sandbox=\"allow-scripts\" security=\"restricted\" style=\"position: absolute; clip: rect(1px, 1px, 1px, 1px);\" title=\"&#8220;Reglamento Interno&#8221; &#8212; Colegio \u00c1rabe\" src=\"https:\/\/colegioarabe.com\/home\/reglamentos\/reglamento-interno\/embed\/#?secret=JKHl9fVPQP#?secret=5mmmg5nEWu\" data-secret=\"5mmmg5nEWu\" width=\"600\" height=\"338\" frameborder=\"0\" marginwidth=\"0\" marginheight=\"0\" scrolling=\"no\"><\/iframe><\/p>\n<blockquote class=\"wp-embedded-content\" data-secret=\"wYIwraBXty\"><p><a href=\"https:\/\/colegioarabe.com\/home\/reglamentos\/reglamento-de-evaluacion-y-promocion\/\">Reglamento de Evaluaci\u00f3n y Promoci\u00f3n<\/a><\/p><\/blockquote>\n<p><iframe class=\"wp-embedded-content\" sandbox=\"allow-scripts\" security=\"restricted\" style=\"position: absolute; clip: rect(1px, 1px, 1px, 1px);\" title=\"&#8220;Reglamento de Evaluaci\u00f3n y Promoci\u00f3n&#8221; &#8212; Colegio \u00c1rabe\" src=\"https:\/\/colegioarabe.com\/home\/reglamentos\/reglamento-de-evaluacion-y-promocion\/embed\/#?secret=Xx2xm8ZVlq#?secret=wYIwraBXty\" data-secret=\"wYIwraBXty\" width=\"600\" height=\"338\" frameborder=\"0\" marginwidth=\"0\" marginheight=\"0\" scrolling=\"no\"><\/iframe><\/p>\n","protected":false},"excerpt":{"rendered":"<p>Proyecto Educativo Institucional Plan de Gesti\u00f3n de Convivencia Escolar Reglamento Interno Reglamento de Evaluaci\u00f3n y Promoci\u00f3n<\/p>\n<p> <a class=\"continue-reading-link\" href=\"https:\/\/colegioarabe.com\/home\/reglamentos\/\"><span>Continuar<\/span><i class=\"crycon-right-dir\"><\/i><\/a> <\/p>\n","protected":false},"author":562,"featured_media":0,"parent":0,"menu_order":0,"comment_status":"closed","ping_status":"closed","template":"","meta":{"footnotes":""},"_links":{"self":[{"href":"https:\/\/colegioarabe.com\/home\/wp-json\/wp\/v2\/pages\/3360"}],"collection":[{"href":"https:\/\/colegioarabe.com\/home\/wp-json\/wp\/v2\/pages"}],"about":[{"href":"https:\/\/colegioarabe.com\/home\/wp-json\/wp\/v2\/types\/page"}],"author":[{"embeddable":true,"href":"https:\/\/colegioarabe.com\/home\/wp-json\/wp\/v2\/users\/562"}],"replies":[{"embeddable":true,"href":"https:\/\/colegioarabe.com\/home\/wp-json\/wp\/v2\/comments?post=3360"}],"version-history":[{"count":4,"href":"https:\/\/colegioarabe.com\/home\/wp-json\/wp\/v2\/pages\/3360\/revisions"}],"predecessor-version":[{"id":3513,"href":"https:\/\/colegioarabe.com\/home\/wp-json\/wp\/v2\/pages\/3360\/revisions\/3513"}],"wp:attachment":[{"href":"https:\/\/colegioarabe.com\/home\/wp-json\/wp\/v2\/media?parent=3360"}],"curies":[{"name":"wp","href":"https:\/\/api.w.org\/{rel}","templated":true}]}}