{"id":34,"date":"2015-03-24T17:30:02","date_gmt":"2015-03-24T17:30:02","guid":{"rendered":"https:\/\/colegioarabe.com\/wordpress\/?page_id=34"},"modified":"2022-11-03T21:14:27","modified_gmt":"2022-11-04T01:14:27","slug":"infraestructura","status":"publish","type":"page","link":"https:\/\/colegioarabe.com\/home\/colegio\/infraestructura\/","title":{"rendered":"Infraestructura"},"content":{"rendered":"<p>En el <span data-scayt_word=\"proceso\" data-scaytid=\"3\">proceso<\/span> de <span data-scayt_word=\"ense\u00f1anza\" data-scaytid=\"4\">ense\u00f1anza<\/span> y <span data-scayt_word=\"aprendizaje\" data-scaytid=\"5\">aprendizaje<\/span> <span data-scayt_word=\"juegan\" data-scaytid=\"7\">juegan<\/span> un <span data-scayt_word=\"papel\" data-scaytid=\"8\">papel<\/span> <span data-scayt_word=\"importante\" data-scaytid=\"9\">importante<\/span> los <span data-scayt_word=\"complementos\" data-scaytid=\"10\">complementos<\/span> <span data-scayt_word=\"para\" data-scaytid=\"11\">para<\/span> <span data-scayt_word=\"una\" data-scaytid=\"17\">una<\/span> <span data-scayt_word=\"mejor\" data-scaytid=\"19\">mejor<\/span> <span data-scayt_word=\"calidad\" data-scaytid=\"22\">calidad<\/span> de <span data-scayt_word=\"educaci\u00f3n\" data-scaytid=\"23\">educaci\u00f3n<\/span>, <span data-scayt_word=\"que\" data-scaytid=\"24\">que<\/span> son los <span data-scayt_word=\"medios\" data-scaytid=\"26\">medios<\/span> e <span data-scayt_word=\"infraestructura\" data-scaytid=\"27\">infraestructura<\/span> <span data-scayt_word=\"que\" data-scaytid=\"25\">que<\/span> el <span data-scayt_word=\"colegio\" data-scaytid=\"29\">colegio<\/span> <span data-scayt_word=\"posee\" data-scaytid=\"30\">posee<\/span> <span data-scayt_word=\"para\" data-scaytid=\"12\">para<\/span> <span data-scayt_word=\"sustentan\" data-scaytid=\"31\">sustentan<\/span> el <span data-scayt_word=\"mejor\" data-scaytid=\"20\">mejor<\/span> <span data-scayt_word=\"aprendizaje\" data-scaytid=\"6\">aprendizaje<\/span>. El <span data-scayt_word=\"Colegio\" data-scaytid=\"32\">Colegio<\/span>, <span data-scayt_word=\"preocupado\" data-scaytid=\"33\">preocupado<\/span> <span data-scayt_word=\"por\" data-scaytid=\"34\">por<\/span> <span data-scayt_word=\"esta\" data-scaytid=\"35\">esta<\/span> <span data-scayt_word=\"dimensi\u00f3n\" data-scaytid=\"36\">dimensi\u00f3n<\/span> <span data-scayt_word=\"luego\" data-scaytid=\"37\">luego<\/span> de <span data-scayt_word=\"m\u00e1s\" data-scaytid=\"38\">m\u00e1s<\/span> de <span data-scayt_word=\"tres\" data-scaytid=\"39\">tres<\/span> <span data-scayt_word=\"d\u00e9cadas\" data-scaytid=\"40\">d\u00e9cadas<\/span> de <span data-scayt_word=\"existencia\" data-scaytid=\"41\">existencia<\/span>, <span data-scayt_word=\"construye\" data-scaytid=\"42\">construye<\/span> un <span data-scayt_word=\"nuevo\" data-scaytid=\"43\">nuevo<\/span> <span data-scayt_word=\"edificio\" data-scaytid=\"44\">edificio<\/span> <span data-scayt_word=\"para\" data-scaytid=\"13\">para<\/span> <span data-scayt_word=\"acoger\" data-scaytid=\"45\">acoger<\/span> al <span data-scayt_word=\"establecimiento\" data-scaytid=\"46\">establecimiento<\/span> <span data-scayt_word=\"donde\" data-scaytid=\"47\">donde<\/span> <span data-scayt_word=\"actualmente\" data-scaytid=\"48\">actualmente<\/span> <span data-scayt_word=\"funciona\" data-scaytid=\"49\">funciona<\/span>, <span data-scayt_word=\"dotado\" data-scaytid=\"50\">dotado<\/span> de <span data-scayt_word=\"una\" data-scaytid=\"18\">una<\/span> <span data-scayt_word=\"infraestructura\" data-scaytid=\"28\">infraestructura<\/span> <span data-scayt_word=\"moderna\" data-scaytid=\"51\">moderna<\/span> y <span data-scayt_word=\"tecnol\u00f3gica\" data-scaytid=\"52\">tecnol\u00f3gica<\/span> <span data-scayt_word=\"para\" data-scaytid=\"14\">para<\/span> el <span data-scayt_word=\"mejor\" data-scaytid=\"21\">mejor<\/span> <span data-scayt_word=\"desarrollo\" data-scaytid=\"53\">desarrollo<\/span> de la labor <span data-scayt_word=\"educacional\" data-scaytid=\"54\">educacional<\/span> <span data-scayt_word=\"para\" data-scaytid=\"15\">para<\/span> <span data-scayt_word=\"sus\" data-scaytid=\"55\">sus<\/span> <span data-scayt_word=\"alumnos\" data-scaytid=\"56\">alumnos<\/span>, <span data-scayt_word=\"profesores\" data-scaytid=\"58\">profesores<\/span> y <span data-scayt_word=\"apoderados\" data-scaytid=\"61\">apoderados<\/span>.<\/p>\n<p>&nbsp;<\/p>\n<table id=\"gradient-style\" summary=\"Hoarario Profeores\">\n<thead>\n<tr>\n<th scope=\"col\" width=\"119\"><span data-scayt_word=\"SUBTERR\u00c1NEO\" data-scaytid=\"62\">SUBTERR\u00c1NEO<\/span><\/th>\n<th scope=\"col\" width=\"107\"><strong>PRIMER<\/strong> <span data-scayt_word=\"PISO\" data-scaytid=\"63\">PISO<\/span><\/th>\n<th scope=\"col\" width=\"103\"><strong>SEGUNDO<\/strong> <span data-scayt_word=\"PISO\" data-scaytid=\"64\">PISO<\/span><\/th>\n<th scope=\"col\" width=\"101\"><span data-scayt_word=\"TERCER\" data-scaytid=\"66\">TERCER<\/span> <span data-scayt_word=\"PISO\" data-scaytid=\"65\">PISO<\/span><\/th>\n<\/tr>\n<\/thead>\n<tfoot>\n<tr>\n<td colspan=\"4\"><\/td>\n<\/tr>\n<\/tfoot>\n<tbody>\n<tr>\n<td><span data-scayt_word=\"Audit\u00f3rium\" data-scaytid=\"67\">Audit\u00f3rium<\/span><\/td>\n<td><span data-scayt_word=\"Rector\u00eda\" data-scaytid=\"68\">Rector\u00eda<\/span><\/td>\n<td><span data-scayt_word=\"Ascensor\" data-scaytid=\"69\">Ascensor<\/span><\/td>\n<td><span data-scayt_word=\"Ascensor\" data-scaytid=\"70\">Ascensor<\/span><\/td>\n<\/tr>\n<tr>\n<td><span data-scayt_word=\"Gimnasio\" data-scaytid=\"72\">Gimnasio<\/span><\/td>\n<td><span data-scayt_word=\"Secretar\u00eda\" data-scaytid=\"73\">Secretar\u00eda<\/span><\/td>\n<td><span data-scayt_word=\"Sala\" data-scaytid=\"74\">Sala<\/span> <span data-scayt_word=\"profesores\" data-scaytid=\"59\">profesores<\/span><\/td>\n<td><span data-scayt_word=\"Oficina\" data-scaytid=\"77\">Oficina<\/span> <span data-scayt_word=\"Orientaci\u00f3n\" data-scaytid=\"82\">Orientaci\u00f3n<\/span><\/td>\n<\/tr>\n<tr>\n<td>Patio <span data-scayt_word=\"Multicancha\" data-scaytid=\"83\">Multicancha<\/span><\/td>\n<td><span data-scayt_word=\"Oficina\" data-scaytid=\"78\">Oficina<\/span> <span data-scayt_word=\"Corporaci\u00f3n\" data-scaytid=\"84\">Corporaci\u00f3n<\/span> <span data-scayt_word=\"Educacional\" data-scaytid=\"85\">Educacional<\/span><\/td>\n<td><span data-scayt_word=\"Profesional\" data-scaytid=\"86\">Profesional<\/span> de <span data-scayt_word=\"Encargado\" data-scaytid=\"87\">Encargado<\/span> de <span data-scayt_word=\"U.T.P\" data-scaytid=\"1\">U.T.P<\/span><\/td>\n<td><span data-scayt_word=\"Oficina\" data-scaytid=\"79\">Oficina<\/span> <span data-scayt_word=\"Evaluaci\u00f3n\" data-scaytid=\"88\">Evaluaci\u00f3n<\/span><\/td>\n<\/tr>\n<tr>\n<td><span data-scayt_word=\"Duchas\" data-scaytid=\"131\">Camar\u00edn \/ Duchas<\/span> <span data-scayt_word=\"Alumnos\" data-scaytid=\"115\">Alumnos<\/span><\/td>\n<td><span data-scayt_word=\"Servicios\" data-scaytid=\"90\">Servicios<\/span> <span data-scayt_word=\"Higi\u00e9nicos\" data-scaytid=\"103\">Higi\u00e9nicos<\/span> <span data-scayt_word=\"Directorio\" data-scaytid=\"119\">Directorio<\/span><\/td>\n<td><span data-scayt_word=\"Servicios\" data-scaytid=\"91\">Servicios<\/span> <span data-scayt_word=\"Higi\u00e9nicos\" data-scaytid=\"104\">Higi\u00e9nicos<\/span> <span data-scayt_word=\"Profesoras\" data-scaytid=\"120\">Profesoras<\/span><\/td>\n<td><span data-scayt_word=\"Sala\" data-scaytid=\"75\">Sala<\/span> de <span data-scayt_word=\"Multimedios\" data-scaytid=\"121\">Multimedios<\/span><\/td>\n<\/tr>\n<tr>\n<td><span data-scayt_word=\"Duchas\" data-scaytid=\"132\">Camar\u00edn \/ Duchas<\/span> <span data-scayt_word=\"Alumnas\" data-scaytid=\"123\">Alumnas<\/span><\/td>\n<td><span data-scayt_word=\"Museo\" data-scaytid=\"126\">Museo<\/span><\/td>\n<td><span data-scayt_word=\"Servicios\" data-scaytid=\"93\">Servicios<\/span> <span data-scayt_word=\"Higi\u00e9nicos\" data-scaytid=\"106\">Higi\u00e9nicos<\/span> <span data-scayt_word=\"Profesores\" data-scaytid=\"127\">Profesores<\/span><\/td>\n<td><span data-scayt_word=\"Laboratorio\" data-scaytid=\"128\">Laboratorio<\/span> <span data-scayt_word=\"computaci\u00f3n\" data-scaytid=\"130\">computaci\u00f3n<\/span><\/td>\n<\/tr>\n<tr>\n<td>Siete Estacionamientos<\/td>\n<td>Central de <span data-scayt_word=\"Apuntes\" data-scaytid=\"133\">Apuntes<\/span><\/td>\n<td><span data-scayt_word=\"Biblioteca\" data-scaytid=\"134\">Biblioteca<\/span><\/td>\n<td><span data-scayt_word=\"Oficina\" data-scaytid=\"80\">Oficina<\/span> Inspector de <span data-scayt_word=\"piso\" data-scaytid=\"135\">piso<\/span><\/td>\n<\/tr>\n<tr>\n<td><span data-scayt_word=\"Servicios\" data-scaytid=\"98\">Servicios<\/span> <span data-scayt_word=\"Higi\u00e9nicos\" data-scaytid=\"111\">Higi\u00e9nicos<\/span> Personal Auxiliar-Damas<\/td>\n<td><span data-scayt_word=\"Oficinas\" data-scaytid=\"136\">Oficinas<\/span> de <span data-scayt_word=\"Atenci\u00f3n\" data-scaytid=\"137\">Atenci\u00f3n<\/span><\/td>\n<td><span data-scayt_word=\"Servicios\" data-scaytid=\"94\">Servicios<\/span> <span data-scayt_word=\"Higi\u00e9nicos\" data-scaytid=\"107\">Higi\u00e9nicos<\/span>\u00a0<span data-scayt_word=\"Alumnos\" data-scaytid=\"116\">Varones<\/span><\/td>\n<td><span data-scayt_word=\"Servicios\" data-scaytid=\"95\">Servicios<\/span> <span data-scayt_word=\"Higi\u00e9nicos\" data-scaytid=\"108\">Higi\u00e9nicos<\/span>\u00a0<span data-scayt_word=\"Alumnos\" data-scaytid=\"117\">Varones<\/span><\/td>\n<\/tr>\n<tr>\n<td><span data-scayt_word=\"Servicios\" data-scaytid=\"98\"><span data-scayt_word=\"Servicios\" data-scaytid=\"99\">Servicios<\/span> <span data-scayt_word=\"Higi\u00e9nicos\" data-scaytid=\"112\">Higi\u00e9nicos<\/span> Personal Auxiliar Varones<\/span><\/td>\n<td>Inspector\u00eda General<\/td>\n<td><span data-scayt_word=\"Servicios\" data-scaytid=\"96\">Servicios<\/span> <span data-scayt_word=\"Higi\u00e9nicos\" data-scaytid=\"109\">Higi\u00e9nicos<\/span>\u00a0<span data-scayt_word=\"Alumnas\" data-scaytid=\"124\">Damas<\/span><\/td>\n<td><span data-scayt_word=\"Servicios\" data-scaytid=\"97\">Servicios<\/span> <span data-scayt_word=\"Higi\u00e9nicos\" data-scaytid=\"110\">Higi\u00e9nicos<\/span>\u00a0<span data-scayt_word=\"Alumnas\" data-scaytid=\"125\">Damas<\/span><\/td>\n<\/tr>\n<tr>\n<td><span data-scayt_word=\"Servicios\" data-scaytid=\"99\"><span data-scayt_word=\"Oficina\" data-scaytid=\"81\">Oficina<\/span> Centro General de <span data-scayt_word=\"Alumnos\" data-scaytid=\"118\">Alumnos<\/span><\/span><\/td>\n<td>Capilla<\/td>\n<td>6 Salas de Clases<\/td>\n<td>6 Salas Asignaturas<\/td>\n<\/tr>\n<tr>\n<td><span data-scayt_word=\"Oficina\" data-scaytid=\"81\">Guardarrop\u00eda Personal Auxiliar<\/span><\/td>\n<td>Comedor<\/td>\n<td><span data-scayt_word=\"Laboratorio\" data-scaytid=\"129\">Laboratorio<\/span><\/td>\n<td>Taller de M\u00fasica<\/td>\n<\/tr>\n<tr>\n<td>Bodega<\/td>\n<td>Comedor <span data-scayt_word=\"profesores\" data-scaytid=\"60\">profesores<\/span><\/td>\n<td><span data-scayt_word=\"Sala\" data-scaytid=\"76\">Sala<\/span> atenci\u00f3n de <span data-scayt_word=\"alumnos\" data-scaytid=\"57\">alumnos<\/span><\/td>\n<td><\/td>\n<\/tr>\n<tr>\n<td>Caseta calefactores<\/td>\n<td>Patio<\/td>\n<td><\/td>\n<td><\/td>\n<\/tr>\n<tr>\n<td>Ascensor<\/td>\n<td>Cocina<\/td>\n<td><\/td>\n<td><\/td>\n<\/tr>\n<tr>\n<td><\/td>\n<td><span data-scayt_word=\"Servicios\" data-scaytid=\"100\">Servicios<\/span> higi\u00e9nicos <span data-scayt_word=\"para\" data-scaytid=\"16\">para<\/span> personal manipulador de alimentos<\/td>\n<td><\/td>\n<td><\/td>\n<\/tr>\n<tr>\n<td><\/td>\n<td><span data-scayt_word=\"Servicios\" data-scaytid=\"101\">Servicios<\/span> <span data-scayt_word=\"Higi\u00e9nicos\" data-scaytid=\"113\">Higi\u00e9nicos<\/span> Minusv\u00e1lidos<\/td>\n<td><\/td>\n<td><\/td>\n<\/tr>\n<tr>\n<td><\/td>\n<td>Bodega Comedores<\/td>\n<\/tr>\n<\/tbody>\n<\/table>\n","protected":false},"excerpt":{"rendered":"<p>En el proceso de ense\u00f1anza y aprendizaje juegan un papel importante los complementos para una mejor calidad de educaci\u00f3n, que son los medios e infraestructura que el colegio posee para sustentan el mejor aprendizaje. El Colegio, preocupado por esta dimensi\u00f3n luego de m\u00e1s de tres d\u00e9cadas de existencia, construye un nuevo edificio para acoger al establecimiento donde actualmente funciona, dotado de una infraestructura moderna y tecnol\u00f3gica para el mejor desarrollo de la labor educacional para sus alumnos, profesores y apoderados. &nbsp; SUBTERR\u00c1NEO PRIMER PISO SEGUNDO PISO TERCER PISO Audit\u00f3rium Rector\u00eda Ascensor Ascensor Gimnasio Secretar\u00eda Sala profesores Oficina Orientaci\u00f3n Patio Multicancha Oficina Corporaci\u00f3n Educacional Profesional de Encargado de U.T.P Oficina Evaluaci\u00f3n Camar\u00edn \/ Duchas Alumnos Servicios Higi\u00e9nicos Directorio Servicios Higi\u00e9nicos Profesoras Sala de Multimedios Camar\u00edn \/ Duchas Alumnas Museo Servicios Higi\u00e9nicos Profesores Laboratorio computaci\u00f3n Siete Estacionamientos Central de Apuntes Biblioteca Oficina Inspector de piso Servicios Higi\u00e9nicos Personal Auxiliar-Damas Oficinas de Atenci\u00f3n Servicios Higi\u00e9nicos\u00a0Varones Servicios Higi\u00e9nicos\u00a0Varones Servicios Higi\u00e9nicos Personal Auxiliar Varones Inspector\u00eda General Servicios Higi\u00e9nicos\u00a0Damas Servicios Higi\u00e9nicos\u00a0Damas Oficina Centro General de Alumnos Capilla 6 Salas de Clases 6 Salas Asignaturas Guardarrop\u00eda Personal Auxiliar Comedor Laboratorio Taller de M\u00fasica Bodega Comedor profesores Sala atenci\u00f3n de alumnos Caseta calefactores Patio Ascensor Cocina Servicios higi\u00e9nicos&#8230;<\/p>\n<p> <a class=\"continue-reading-link\" href=\"https:\/\/colegioarabe.com\/home\/colegio\/infraestructura\/\"><span>Continuar<\/span><i class=\"crycon-right-dir\"><\/i><\/a> <\/p>\n","protected":false},"author":1,"featured_media":0,"parent":2025,"menu_order":0,"comment_status":"open","ping_status":"closed","template":"","meta":{"footnotes":""},"_links":{"self":[{"href":"https:\/\/colegioarabe.com\/home\/wp-json\/wp\/v2\/pages\/34"}],"collection":[{"href":"https:\/\/colegioarabe.com\/home\/wp-json\/wp\/v2\/pages"}],"about":[{"href":"https:\/\/colegioarabe.com\/home\/wp-json\/wp\/v2\/types\/page"}],"author":[{"embeddable":true,"href":"https:\/\/colegioarabe.com\/home\/wp-json\/wp\/v2\/users\/1"}],"replies":[{"embeddable":true,"href":"https:\/\/colegioarabe.com\/home\/wp-json\/wp\/v2\/comments?post=34"}],"version-history":[{"count":4,"href":"https:\/\/colegioarabe.com\/home\/wp-json\/wp\/v2\/pages\/34\/revisions"}],"predecessor-version":[{"id":974,"href":"https:\/\/colegioarabe.com\/home\/wp-json\/wp\/v2\/pages\/34\/revisions\/974"}],"up":[{"embeddable":true,"href":"https:\/\/colegioarabe.com\/home\/wp-json\/wp\/v2\/pages\/2025"}],"wp:attachment":[{"href":"https:\/\/colegioarabe.com\/home\/wp-json\/wp\/v2\/media?parent=34"}],"curies":[{"name":"wp","href":"https:\/\/api.w.org\/{rel}","templated":true}]}}